{"id":136,"date":"2024-10-17T11:19:21","date_gmt":"2024-10-17T11:19:21","guid":{"rendered":"https:\/\/ags-dici.com\/?page_id=136"},"modified":"2024-12-04T14:31:52","modified_gmt":"2024-12-04T14:31:52","slug":"about","status":"publish","type":"page","link":"http:\/\/ags-dici.com\/fr\/about\/","title":{"rendered":"\u00c0 propos"},"content":{"rendered":"<div data-elementor-type=\"wp-page\" data-elementor-id=\"136\" class=\"elementor elementor-136\" data-elementor-post-type=\"page\">\n\t\t\t\t<div class=\"elementor-element elementor-element-e047e6f e-flex e-con-boxed e-con e-parent\" data-id=\"e047e6f\" data-element_type=\"container\" data-e-type=\"container\" data-settings=\"{&quot;background_background&quot;:&quot;classic&quot;}\">\n\t\t\t\t\t<div class=\"e-con-inner\">\n\t\t<div class=\"elementor-element elementor-element-a681463 e-con-full e-flex e-con e-child\" data-id=\"a681463\" data-element_type=\"container\" data-e-type=\"container\" data-settings=\"{&quot;background_background&quot;:&quot;classic&quot;}\">\n\t\t\t\t<div class=\"elementor-element elementor-element-b51ccd7 elementor-icon-list--layout-inline elementor-list-item-link-full_width elementor-widget elementor-widget-icon-list\" data-id=\"b51ccd7\" data-element_type=\"widget\" data-e-type=\"widget\" data-widget_type=\"icon-list.default\">\n\t\t\t\t<div class=\"elementor-widget-container\">\n\t\t\t\t\t\t\t<ul class=\"elementor-icon-list-items elementor-inline-items\">\n\t\t\t\t\t\t\t<li class=\"elementor-icon-list-item elementor-inline-item\">\n\t\t\t\t\t\t\t\t\t\t\t<a href=\"http:\/\/ags-dici.com\/fr\">\n\n\t\t\t\t\t\t\t\t\t\t\t<span class=\"elementor-icon-list-text\">Accueil<\/span>\n\t\t\t\t\t\t\t\t\t\t\t<\/a>\n\t\t\t\t\t\t\t\t\t<\/li>\n\t\t\t\t\t\t\t\t<li class=\"elementor-icon-list-item elementor-inline-item\">\n\t\t\t\t\t\t\t\t\t\t<span class=\"elementor-icon-list-text\"><\/span>\n\t\t\t\t\t\t\t\t\t<\/li>\n\t\t\t\t\t\t<\/ul>\n\t\t\t\t\t\t<\/div>\n\t\t\t\t<\/div>\n\t\t\t\t<\/div>\n\t\t\t\t\t<\/div>\n\t\t\t\t<\/div>\n\t\t<div class=\"elementor-element elementor-element-082eb7f e-flex e-con-boxed e-con e-parent\" data-id=\"082eb7f\" data-element_type=\"container\" data-e-type=\"container\" data-settings=\"{&quot;background_background&quot;:&quot;classic&quot;}\">\n\t\t\t\t\t<div class=\"e-con-inner\">\n\t\t<div class=\"elementor-element elementor-element-9e50a57 e-con-full e-flex e-con e-child\" data-id=\"9e50a57\" data-element_type=\"container\" data-e-type=\"container\">\n\t\t\t\t<div class=\"elementor-element elementor-element-d2bd9a8 elementor-widget__width-auto elementor-widget elementor-widget-heading\" data-id=\"d2bd9a8\" data-element_type=\"widget\" data-e-type=\"widget\" data-widget_type=\"heading.default\">\n\t\t\t\t<div class=\"elementor-widget-container\">\n\t\t\t\t\t<h2 class=\"elementor-heading-title elementor-size-default\">\u00c0 PROPOS<\/h2>\t\t\t\t<\/div>\n\t\t\t\t<\/div>\n\t\t<div class=\"elementor-element elementor-element-bb3defe e-con-full e-flex e-con e-child\" data-id=\"bb3defe\" data-element_type=\"container\" data-e-type=\"container\">\n\t\t\t\t<div class=\"elementor-element elementor-element-0a6b8a8 elementor-widget elementor-widget-heading\" data-id=\"0a6b8a8\" data-element_type=\"widget\" data-e-type=\"widget\" data-widget_type=\"heading.default\">\n\t\t\t\t<div class=\"elementor-widget-container\">\n\t\t\t\t\t<h2 class=\"elementor-heading-title elementor-size-default\">Amichia Global Services<\/h2>\t\t\t\t<\/div>\n\t\t\t\t<\/div>\n\t\t\t\t<div class=\"elementor-element elementor-element-6f5bf27 elementor-widget elementor-widget-heading\" data-id=\"6f5bf27\" data-element_type=\"widget\" data-e-type=\"widget\" data-widget_type=\"heading.default\">\n\t\t\t\t<div class=\"elementor-widget-container\">\n\t\t\t\t\t<h2 class=\"elementor-heading-title elementor-size-default\">diaspora invest - cote d'ivoire<\/h2>\t\t\t\t<\/div>\n\t\t\t\t<\/div>\n\t\t\t\t<\/div>\n\t\t\t\t<div class=\"elementor-element elementor-element-f564dee elementor-widget__width-initial elementor-widget-tablet__width-inherit elementor-widget-mobile__width-inherit elementor-widget elementor-widget-heading\" data-id=\"f564dee\" data-element_type=\"widget\" data-e-type=\"widget\" data-widget_type=\"heading.default\">\n\t\t\t\t<div class=\"elementor-widget-container\">\n\t\t\t\t\t<span class=\"elementor-heading-title elementor-size-default\">AGS-DICI est une soci\u00e9t\u00e9 d\u00e9di\u00e9e au soutien et \u00e0 l'assistance des membres de la diaspora africaine int\u00e9ress\u00e9s \u00e0 entreprendre des investissements en C\u00f4te d'Ivoire. Notre soci\u00e9t\u00e9 vise \u00e0 faciliter les investissements et \u00e0 cr\u00e9er des opportunit\u00e9s pour les membres de la diaspora d\u00e9sireux de contribuer au d\u00e9veloppement \u00e9conomique de leur pays d'origine. En pourvoyant un soutien personnalis\u00e9, des conseils strat\u00e9giques, des informations sur les opportunit\u00e9s d'investissement et une assistance administrative, AGS-DICI vise \u00e0 combler le foss\u00e9 entre la diaspora africaine et le march\u00e9 ivoirien, tout en cr\u00e9ant des relations durables et mutuellement b\u00e9n\u00e9fiques<\/span>\t\t\t\t<\/div>\n\t\t\t\t<\/div>\n\t\t\t\t<\/div>\n\t\t<div class=\"elementor-element elementor-element-ef428ee e-con-full e-flex e-con e-child\" data-id=\"ef428ee\" data-element_type=\"container\" data-e-type=\"container\">\n\t\t\t\t<div class=\"elementor-element elementor-element-3c1f0fe elementor-widget elementor-widget-image\" data-id=\"3c1f0fe\" data-element_type=\"widget\" data-e-type=\"widget\" data-widget_type=\"image.default\">\n\t\t\t\t<div class=\"elementor-widget-container\">\n\t\t\t\t\t\t\t\t\t\t\t\t\t\t\t<img fetchpriority=\"high\" decoding=\"async\" width=\"669\" height=\"704\" src=\"https:\/\/ags-dici.com\/wp-content\/uploads\/2024\/10\/about-main.webp\" class=\"attachment-full size-full wp-image-230\" alt=\"About Image\" srcset=\"https:\/\/ags-dici.com\/wp-content\/uploads\/2024\/10\/about-main.webp 669w, https:\/\/ags-dici.com\/wp-content\/uploads\/2024\/10\/about-main-285x300.webp 285w\" sizes=\"(max-width: 669px) 100vw, 669px\" \/>\t\t\t\t\t\t\t\t\t\t\t\t\t\t\t<\/div>\n\t\t\t\t<\/div>\n\t\t\t\t<\/div>\n\t\t\t\t\t<\/div>\n\t\t\t\t<\/div>\n\t\t<div class=\"elementor-element elementor-element-e150fd4 e-flex e-con-boxed e-con e-parent\" data-id=\"e150fd4\" data-element_type=\"container\" data-e-type=\"container\">\n\t\t\t\t\t<div class=\"e-con-inner\">\n\t\t<div class=\"elementor-element elementor-element-a34a14d e-flex e-con-boxed e-con e-child\" data-id=\"a34a14d\" data-element_type=\"container\" data-e-type=\"container\">\n\t\t\t\t\t<div class=\"e-con-inner\">\n\t\t<div class=\"elementor-element elementor-element-6379d64 e-con-full e-flex e-con e-child\" data-id=\"6379d64\" data-element_type=\"container\" data-e-type=\"container\" data-settings=\"{&quot;background_background&quot;:&quot;classic&quot;}\">\n\t\t\t\t<div class=\"elementor-element elementor-element-3f146ff elementor-view-default elementor-widget elementor-widget-icon\" data-id=\"3f146ff\" data-element_type=\"widget\" data-e-type=\"widget\" data-widget_type=\"icon.default\">\n\t\t\t\t<div class=\"elementor-widget-container\">\n\t\t\t\t\t\t\t<div class=\"elementor-icon-wrapper\">\n\t\t\t<div class=\"elementor-icon\">\n\t\t\t<svg xmlns=\"http:\/\/www.w3.org\/2000\/svg\" width=\"92\" height=\"92\" viewbox=\"0 0 92 92\" fill=\"none\"><circle cx=\"46\" cy=\"46\" r=\"43.5\" fill=\"#76923C\" stroke=\"white\" stroke-width=\"5\"><\/circle><path d=\"M51.5421 46.7607C51.5421 50.236 48.7147 53.0634 45.2393 53.0634C41.7639 53.0634 38.9365 50.236 38.9365 46.7607C38.9365 43.2852 41.7639 40.4577 45.2393 40.4577C46.5223 40.4577 47.7164 40.8441 48.7132 41.5051L52.3684 37.8499C52.2859 37.7896 52.203 37.7296 52.1187 37.6706C49.6399 35.9384 47.1568 35.063 44.7279 35.063C44.5054 35.063 44.2836 35.0703 44.062 35.085C41.1313 35.2845 38.401 36.5892 36.3758 38.7586C34.3457 40.9299 33.228 43.7714 33.228 46.7607C33.228 49.9679 34.4777 52.9839 36.7468 55.253C39.0161 57.5223 42.032 58.7719 45.2392 58.7719C48.4464 58.7719 51.4625 57.5222 53.7316 55.253C56.0007 52.9838 57.2503 49.9679 57.2503 46.7607C57.2503 44.1207 56.1842 41.5862 54.2595 39.5218L50.4945 43.2867C51.1558 44.2835 51.5421 45.4776 51.5421 46.7607Z\" fill=\"white\"><\/path><path d=\"M44.3485 45.8699L46.8707 43.3477C46.3764 43.1104 45.8232 42.9773 45.2393 42.9773C43.1532 42.9773 41.4561 44.6745 41.4561 46.7607C41.4561 48.8468 43.1532 50.544 45.2393 50.544C47.3254 50.544 49.0225 48.8468 49.0225 46.7607C49.0225 46.1768 48.8894 45.6235 48.6523 45.1292L46.1301 47.6514L44.3485 45.8699Z\" fill=\"white\"><\/path><path d=\"M57.6098 36.1719L56.0423 37.7394C58.4395 40.2774 59.77 43.4406 59.77 46.761C59.77 50.6412 58.2582 54.2898 55.5132 57.0348C52.7681 59.78 49.1194 61.2918 45.2392 61.2918C41.3591 61.2918 37.7104 59.78 34.9653 57.0348C32.2201 54.2898 30.7084 50.6411 30.7084 46.761C30.7084 43.1305 32.0674 39.6778 34.5347 37.0388C36.9966 34.4014 40.3204 32.8145 43.893 32.5714C47.1223 32.358 50.3742 33.3781 53.5618 35.6057C53.7688 35.7504 53.97 35.8993 54.1676 36.051L55.8283 34.3903L56.0943 29.6711C52.8799 27.6206 49.1442 26.5217 45.2393 26.5217C39.8332 26.5217 34.7507 28.627 30.928 32.4496C27.1052 36.2722 25 41.3548 25 46.7609C25 52.1669 27.1052 57.2495 30.928 61.0721C34.7507 64.8948 39.8332 67.0001 45.2392 67.0001C50.6453 67.0001 55.7279 64.8949 59.5505 61.0721C63.3731 57.2494 65.4784 52.1669 65.4784 46.7609C65.4784 42.856 64.3794 39.1203 62.329 35.9059L57.6098 36.1719Z\" fill=\"white\"><\/path><path d=\"M58.3962 33.6039L63.5443 33.3138L68.0002 28.8578L63.1424 24L58.6865 28.4559L58.3962 33.6039Z\" fill=\"white\"><\/path><\/svg>\t\t\t<\/div>\n\t\t<\/div>\n\t\t\t\t\t\t<\/div>\n\t\t\t\t<\/div>\n\t\t\t\t<div class=\"elementor-element elementor-element-1b09288 elementor-widget elementor-widget-heading\" data-id=\"1b09288\" data-element_type=\"widget\" data-e-type=\"widget\" data-widget_type=\"heading.default\">\n\t\t\t\t<div class=\"elementor-widget-container\">\n\t\t\t\t\t<h2 class=\"elementor-heading-title elementor-size-default\">Notre Mission<\/h2>\t\t\t\t<\/div>\n\t\t\t\t<\/div>\n\t\t\t\t<div class=\"elementor-element elementor-element-386b9c3 elementor-widget elementor-widget-heading\" data-id=\"386b9c3\" data-element_type=\"widget\" data-e-type=\"widget\" data-widget_type=\"heading.default\">\n\t\t\t\t<div class=\"elementor-widget-container\">\n\t\t\t\t\t<span class=\"elementor-heading-title elementor-size-default\">Faciliter et simplifier les opportunit\u00e9s d'investissement et de d\u00e9veloppement pour les membres de la diaspora dans leur pays d'origine, en garantissant des entreprises rentables et durables dans le logement, la gestion fonci\u00e8re et l'agro-industrie.<\/span>\t\t\t\t<\/div>\n\t\t\t\t<\/div>\n\t\t\t\t<\/div>\n\t\t\t\t\t<\/div>\n\t\t\t\t<\/div>\n\t\t\t\t\t<\/div>\n\t\t\t\t<\/div>\n\t\t<div class=\"elementor-element elementor-element-d1afef5 e-flex e-con-boxed e-con e-parent\" data-id=\"d1afef5\" data-element_type=\"container\" data-e-type=\"container\" data-settings=\"{&quot;background_background&quot;:&quot;classic&quot;}\">\n\t\t\t\t\t<div class=\"e-con-inner\">\n\t\t<div class=\"elementor-element elementor-element-73a1642 e-con-full e-grid e-con e-child\" data-id=\"73a1642\" data-element_type=\"container\" data-e-type=\"container\">\n\t\t\t\t<div class=\"elementor-element elementor-element-0fe909f elementor-widget-mobile__width-inherit elementor-widget elementor-widget-image\" data-id=\"0fe909f\" data-element_type=\"widget\" data-e-type=\"widget\" data-widget_type=\"image.default\">\n\t\t\t\t<div class=\"elementor-widget-container\">\n\t\t\t\t\t\t\t\t\t\t\t\t\t\t\t<img decoding=\"async\" width=\"379\" height=\"514\" src=\"https:\/\/ags-dici.com\/wp-content\/uploads\/2024\/10\/about1.webp\" class=\"attachment-full size-full wp-image-232\" alt=\"About Image\" srcset=\"https:\/\/ags-dici.com\/wp-content\/uploads\/2024\/10\/about1.webp 379w, https:\/\/ags-dici.com\/wp-content\/uploads\/2024\/10\/about1-221x300.webp 221w\" sizes=\"(max-width: 379px) 100vw, 379px\" \/>\t\t\t\t\t\t\t\t\t\t\t\t\t\t\t<\/div>\n\t\t\t\t<\/div>\n\t\t\t\t<div class=\"elementor-element elementor-element-f4744ee elementor-widget-mobile__width-inherit elementor-widget elementor-widget-image\" data-id=\"f4744ee\" data-element_type=\"widget\" data-e-type=\"widget\" data-widget_type=\"image.default\">\n\t\t\t\t<div class=\"elementor-widget-container\">\n\t\t\t\t\t\t\t\t\t\t\t\t\t\t\t<img decoding=\"async\" width=\"379\" height=\"439\" src=\"https:\/\/ags-dici.com\/wp-content\/uploads\/2024\/10\/about2.webp\" class=\"attachment-full size-full wp-image-231\" alt=\"About Image\" srcset=\"https:\/\/ags-dici.com\/wp-content\/uploads\/2024\/10\/about2.webp 379w, https:\/\/ags-dici.com\/wp-content\/uploads\/2024\/10\/about2-259x300.webp 259w\" sizes=\"(max-width: 379px) 100vw, 379px\" \/>\t\t\t\t\t\t\t\t\t\t\t\t\t\t\t<\/div>\n\t\t\t\t<\/div>\n\t\t\t\t<\/div>\n\t\t<div class=\"elementor-element elementor-element-ed3ec72 e-con-full e-flex e-con e-child\" data-id=\"ed3ec72\" data-element_type=\"container\" data-e-type=\"container\">\n\t\t\t\t<div class=\"elementor-element elementor-element-dcecabc elementor-widget__width-auto elementor-widget elementor-widget-heading\" data-id=\"dcecabc\" data-element_type=\"widget\" data-e-type=\"widget\" data-widget_type=\"heading.default\">\n\t\t\t\t<div class=\"elementor-widget-container\">\n\t\t\t\t\t<h2 class=\"elementor-heading-title elementor-size-default\">Qui sommes-nous ?<\/h2>\t\t\t\t<\/div>\n\t\t\t\t<\/div>\n\t\t\t\t<div class=\"elementor-element elementor-element-ea2ccbb elementor-widget elementor-widget-heading\" data-id=\"ea2ccbb\" data-element_type=\"widget\" data-e-type=\"widget\" data-widget_type=\"heading.default\">\n\t\t\t\t<div class=\"elementor-widget-container\">\n\t\t\t\t\t<h2 class=\"elementor-heading-title elementor-size-default\">Qui sommes-nous ?<\/h2>\t\t\t\t<\/div>\n\t\t\t\t<\/div>\n\t\t\t\t<div class=\"elementor-element elementor-element-8ba68b7 elementor-widget elementor-widget-heading\" data-id=\"8ba68b7\" data-element_type=\"widget\" data-e-type=\"widget\" data-widget_type=\"heading.default\">\n\t\t\t\t<div class=\"elementor-widget-container\">\n\t\t\t\t\t<span class=\"elementor-heading-title elementor-size-default\">Des professionnels Ivoiro-Am\u00e9ricains, conscients des exp\u00e9riences malheureuses d\u00e9crites ci-dessus et du manque d'un service d'accompagnement s\u00e9rieux, qui ont alors d\u00e9cid\u00e9 de mettre en place la structure AGS-DICI \u00e0 travers laquelle ils mettront \u00e0 profit leur expertise en gestion de projets et d'actifs immobiliers, en gestion financi\u00e8re, en TIC et dans d'autres domaines pour accompagner principalement les membres de la diaspora ivoirienne et africaine dans leurs projets d'investissement en C\u00f4te d'Ivoire. .<\/span>\t\t\t\t<\/div>\n\t\t\t\t<\/div>\n\t\t\t\t<div class=\"elementor-element elementor-element-0554151 elementor-widget elementor-widget-heading\" data-id=\"0554151\" data-element_type=\"widget\" data-e-type=\"widget\" data-widget_type=\"heading.default\">\n\t\t\t\t<div class=\"elementor-widget-container\">\n\t\t\t\t\t<span class=\"elementor-heading-title elementor-size-default\">Notre objectif est de cr\u00e9er un impact positif en contribuant au d\u00e9veloppement \u00e9conomique du pays tout en aidant nos clients \u00e0 r\u00e9aliser des investissements r\u00e9ussis. Gr\u00e2ce \u00e0 notre expertise, notre d\u00e9vouement et notre r\u00e9seau, nous pensons que notre service sera une valeur ajout\u00e9e pour nos clients et pour le d\u00e9veloppement de la C\u00f4te d'Ivoire.<\/span>\t\t\t\t<\/div>\n\t\t\t\t<\/div>\n\t\t\t\t<\/div>\n\t\t\t\t\t<\/div>\n\t\t\t\t<\/div>\n\t\t<div class=\"elementor-element elementor-element-9d7fd19 e-flex e-con-boxed e-con e-parent\" data-id=\"9d7fd19\" data-element_type=\"container\" data-e-type=\"container\" data-settings=\"{&quot;background_background&quot;:&quot;classic&quot;}\">\n\t\t\t\t\t<div class=\"e-con-inner\">\n\t\t<div class=\"elementor-element elementor-element-3a231b9 e-con-full e-flex e-con e-child\" data-id=\"3a231b9\" data-element_type=\"container\" data-e-type=\"container\">\n\t\t<div class=\"elementor-element elementor-element-dff728b e-con-full e-flex e-con e-child\" data-id=\"dff728b\" data-element_type=\"container\" data-e-type=\"container\">\n\t\t\t\t<div class=\"elementor-element elementor-element-cac546d elementor-widget__width-auto elementor-widget elementor-widget-heading\" data-id=\"cac546d\" data-element_type=\"widget\" data-e-type=\"widget\" data-widget_type=\"heading.default\">\n\t\t\t\t<div class=\"elementor-widget-container\">\n\t\t\t\t\t<h2 class=\"elementor-heading-title elementor-size-default\">Qui sommes-nous ?<\/h2>\t\t\t\t<\/div>\n\t\t\t\t<\/div>\n\t\t\t\t<div class=\"elementor-element elementor-element-9dde5b1 elementor-widget elementor-widget-heading\" data-id=\"9dde5b1\" data-element_type=\"widget\" data-e-type=\"widget\" data-widget_type=\"heading.default\">\n\t\t\t\t<div class=\"elementor-widget-container\">\n\t\t\t\t\t<h2 class=\"elementor-heading-title elementor-size-default\">Qu\u2019est-ce que l\u2019AGS-DICI\u00a0?<\/h2>\t\t\t\t<\/div>\n\t\t\t\t<\/div>\n\t\t\t\t<\/div>\n\t\t<div class=\"elementor-element elementor-element-c05e7fa e-con-full e-flex e-con e-child\" data-id=\"c05e7fa\" data-element_type=\"container\" data-e-type=\"container\">\n\t\t\t\t<div class=\"elementor-element elementor-element-7d159ec elementor-widget__width-initial elementor-widget-tablet__width-inherit elementor-widget elementor-widget-heading\" data-id=\"7d159ec\" data-element_type=\"widget\" data-e-type=\"widget\" data-widget_type=\"heading.default\">\n\t\t\t\t<div class=\"elementor-widget-container\">\n\t\t\t\t\t<span class=\"elementor-heading-title elementor-size-default\">AGS-DICI est une entreprise sp\u00e9cialis\u00e9e dans l'accompagnement et l'assistance aux investissements pour les membres de la diaspora africaine en C\u00f4te d'Ivoire. Nous offrons une plateforme compl\u00e8te qui facilite la recherche, l'\u00e9valuation et la r\u00e9alisation d'opportunit\u00e9s d'investissement en C\u00f4te d'Ivoire. Notre \u00e9quipe est compos\u00e9e d'experts en investissement, de conseillers financiers, de sp\u00e9cialistes du droit des affaires et de professionnels de l'immobilier, tous engag\u00e9s \u00e0 aider nos clients \u00e0 r\u00e9ussir dans leurs projets d'investissement.\n<\/span>\t\t\t\t<\/div>\n\t\t\t\t<\/div>\n\t\t\t\t<div class=\"elementor-element elementor-element-4976d97 elementor-widget__width-initial elementor-widget-tablet__width-inherit elementor-widget elementor-widget-heading\" data-id=\"4976d97\" data-element_type=\"widget\" data-e-type=\"widget\" data-widget_type=\"heading.default\">\n\t\t\t\t<div class=\"elementor-widget-container\">\n\t\t\t\t\t<span class=\"elementor-heading-title elementor-size-default\">Peu importe \u00e0 quel point vous \u00eates \u00e9loign\u00e9 de la C\u00f4te d'Ivoire, notre structure vous permet d'investir en toute tranquillit\u00e9. Aussi, lorsque vous d\u00e9cidez de nous confier votre projet, vous choisissez la s\u00e9r\u00e9nit\u00e9, la transparence, l'efficacit\u00e9 et la compr\u00e9hension mutuelle. Nous sommes organis\u00e9s de mani\u00e8re \u00e0 ce que vous puissiez \u00eatre impliqu\u00e9 dans les phases de d\u00e9veloppement de votre projet. Vous validez au fur et \u00e0 mesure, vous \u00eates conseill\u00e9 et accompagn\u00e9 dans vos d\u00e9cisions. La transparence et la visibilit\u00e9 sont nos meilleurs atouts, et pour vous, une garantie de s\u00e9r\u00e9nit\u00e9.\n<\/span>\t\t\t\t<\/div>\n\t\t\t\t<\/div>\n\t\t\t\t<\/div>\n\t\t\t\t<\/div>\n\t\t<div class=\"elementor-element elementor-element-005c836 e-con-full e-flex e-con e-child\" data-id=\"005c836\" data-element_type=\"container\" data-e-type=\"container\">\n\t\t\t\t<div class=\"elementor-element elementor-element-1f5fb28 elementor-widget elementor-widget-image\" data-id=\"1f5fb28\" data-element_type=\"widget\" data-e-type=\"widget\" data-widget_type=\"image.default\">\n\t\t\t\t<div class=\"elementor-widget-container\">\n\t\t\t\t\t\t\t\t\t\t\t\t\t\t\t<img loading=\"lazy\" decoding=\"async\" width=\"384\" height=\"478\" src=\"https:\/\/ags-dici.com\/wp-content\/uploads\/2024\/10\/who_we_are_img.webp\" class=\"attachment-full size-full wp-image-225\" alt=\"Who are we\" srcset=\"https:\/\/ags-dici.com\/wp-content\/uploads\/2024\/10\/who_we_are_img.webp 384w, https:\/\/ags-dici.com\/wp-content\/uploads\/2024\/10\/who_we_are_img-241x300.webp 241w\" sizes=\"(max-width: 384px) 100vw, 384px\" \/>\t\t\t\t\t\t\t\t\t\t\t\t\t\t\t<\/div>\n\t\t\t\t<\/div>\n\t\t\t\t<\/div>\n\t\t\t\t\t<\/div>\n\t\t\t\t<\/div>\n\t\t\t\t<\/div>","protected":false},"excerpt":{"rendered":"<p>Home about Amichia Global Services diaspora invest &#8211; cote d&#8217;ivoire AGS-DICI is a company dedicated to supporting and assisting members of the African Diaspora interested in investments in C\u00f4te d&#8217;Ivoire. Our company aims to facilitate investments and create opportunities for members of the diaspora eager to contribute to the economic development of our home country.\u00a0By [&hellip;]<\/p>\n","protected":false},"author":1,"featured_media":0,"parent":0,"menu_order":0,"comment_status":"closed","ping_status":"closed","template":"","meta":{"footnotes":""},"class_list":["post-136","page","type-page","status-publish","hentry"],"_links":{"self":[{"href":"http:\/\/ags-dici.com\/fr\/wp-json\/wp\/v2\/pages\/136","targetHints":{"allow":["GET"]}}],"collection":[{"href":"http:\/\/ags-dici.com\/fr\/wp-json\/wp\/v2\/pages"}],"about":[{"href":"http:\/\/ags-dici.com\/fr\/wp-json\/wp\/v2\/types\/page"}],"author":[{"embeddable":true,"href":"http:\/\/ags-dici.com\/fr\/wp-json\/wp\/v2\/users\/1"}],"replies":[{"embeddable":true,"href":"http:\/\/ags-dici.com\/fr\/wp-json\/wp\/v2\/comments?post=136"}],"version-history":[{"count":140,"href":"http:\/\/ags-dici.com\/fr\/wp-json\/wp\/v2\/pages\/136\/revisions"}],"predecessor-version":[{"id":1564,"href":"http:\/\/ags-dici.com\/fr\/wp-json\/wp\/v2\/pages\/136\/revisions\/1564"}],"wp:attachment":[{"href":"http:\/\/ags-dici.com\/fr\/wp-json\/wp\/v2\/media?parent=136"}],"curies":[{"name":"wp","href":"https:\/\/api.w.org\/{rel}","templated":true}]}}